{"id":1237,"date":"2013-03-20T07:29:03","date_gmt":"2013-03-20T07:29:03","guid":{"rendered":"http:\/\/www.sevi.net\/wordpress\/?page_id=2"},"modified":"2024-08-10T09:53:17","modified_gmt":"2024-08-10T09:53:17","slug":"pagina-ejemplo","status":"publish","type":"page","link":"https:\/\/www.salvadormanjon.com\/index.php\/pagina-ejemplo\/","title":{"rendered":"Acerca de m\u00ed"},"content":{"rendered":"<p>&nbsp;<\/p>\n<p>Curs\u00e9 estudios de ciencias empresariales en la Universidad de Valencia, he desarrollado toda mi vida laboral en <a title=\"La Semana Vitivin\u00edcola\" href=\"http:\/\/www.sevi.net\" target=\"_blank\" rel=\"noopener\">La Semana Vitivin\u00edcola<\/a>, donde ingres\u00e9 en el a\u00f1o 1983 en el departamento de administraci\u00f3n, pasando posteriormente al de redacci\u00f3n, de la que me hice cargo hasta el 92 en el que\u00a0pas\u00e9 a ocupar el puesto de Director.<\/p>\n<p>Toda mi experiencia gira alrededor del sector <strong>vitivin\u00edcola<\/strong> y en \u00e9l he desarrollado todas mis actividades, que abarcan desde comit\u00e9s cient\u00edficos y feriales,\u00a0jurado en concursos internacionales, miembro asesor de patronatos y fundaciones. Pero siempre desde un estricto esp\u00edritu de servicio al sector.<\/p>\n<p>Todas las distinciones que a lo largo de estos a\u00f1os me han otorgado me enorgullece pero, sin duda, lo que m\u00e1s de ayuda a seguir luchando cada d\u00eda, es el reconocimiento de imparcialidad y seriedad que cada d\u00eda me muestran sus gentes y organizaciones.<\/p>\n","protected":false},"excerpt":{"rendered":"<p>&nbsp; Curs\u00e9 estudios de ciencias empresariales en la Universidad de Valencia, he desarrollado toda mi vida laboral en La Semana Vitivin\u00edcola, donde ingres\u00e9 en el a\u00f1o 1983 en el departamento de administraci\u00f3n, pasando posteriormente al de redacci\u00f3n, de la que me hice cargo hasta el 92 en el que\u00a0pas\u00e9 a ocupar el puesto de Director. [&hellip;]<\/p>\n","protected":false},"author":1,"featured_media":0,"parent":0,"menu_order":0,"comment_status":"open","ping_status":"closed","template":"","meta":{"footnotes":""},"class_list":["post-1237","page","type-page","status-publish","hentry"],"_links":{"self":[{"href":"https:\/\/www.salvadormanjon.com\/index.php\/wp-json\/wp\/v2\/pages\/1237","targetHints":{"allow":["GET"]}}],"collection":[{"href":"https:\/\/www.salvadormanjon.com\/index.php\/wp-json\/wp\/v2\/pages"}],"about":[{"href":"https:\/\/www.salvadormanjon.com\/index.php\/wp-json\/wp\/v2\/types\/page"}],"author":[{"embeddable":true,"href":"https:\/\/www.salvadormanjon.com\/index.php\/wp-json\/wp\/v2\/users\/1"}],"replies":[{"embeddable":true,"href":"https:\/\/www.salvadormanjon.com\/index.php\/wp-json\/wp\/v2\/comments?post=1237"}],"version-history":[{"count":1,"href":"https:\/\/www.salvadormanjon.com\/index.php\/wp-json\/wp\/v2\/pages\/1237\/revisions"}],"predecessor-version":[{"id":3095,"href":"https:\/\/www.salvadormanjon.com\/index.php\/wp-json\/wp\/v2\/pages\/1237\/revisions\/3095"}],"wp:attachment":[{"href":"https:\/\/www.salvadormanjon.com\/index.php\/wp-json\/wp\/v2\/media?parent=1237"}],"curies":[{"name":"wp","href":"https:\/\/api.w.org\/{rel}","templated":true}]}}